{"id":195,"date":"2026-02-18T21:36:54","date_gmt":"2026-02-18T21:36:54","guid":{"rendered":"https:\/\/mixed-media-vector-arts.com\/?page_id=195"},"modified":"2026-03-15T09:56:26","modified_gmt":"2026-03-15T09:56:26","slug":"bloem-botanische-close-ups","status":"publish","type":"page","link":"https:\/\/mixed-media-vector-arts.com\/nl\/fotografie-makroaufnahmen-bildwelten\/blumen-botanische-nahaufnahmen\/","title":{"rendered":"Bloemen \u2013 Close-ups &amp; Botanische werelden"},"content":{"rendered":"","protected":false},"excerpt":{"rendered":"","protected":false},"author":1,"featured_media":0,"parent":50,"menu_order":5,"comment_status":"closed","ping_status":"closed","template":"","meta":{"saved_in_kubio":true,"footnotes":""},"class_list":["post-195","page","type-page","status-publish","hentry"],"kubio_ai_page_context":{"short_desc":"","purpose":"general"},"yoast_head":"<!-- This site is optimized with the Yoast SEO plugin v27.3 - https:\/\/yoast.com\/product\/yoast-seo-wordpress\/ -->\n<title>Blumen - Nahaufnahmen &amp; botanische Welten - Mixed Media Vector Arts<\/title>\n<meta name=\"description\" content=\"Blumen - Nahaufnahmen mit feinen, sanften Farb\u00fcberg\u00e4ngen und nat\u00fcrlichen Kompositionen, f\u00fcr Fine\u2011Art\u2011Prints und botanische Wandgestaltung.\" \/>\n<meta name=\"robots\" content=\"index, follow, max-snippet:-1, max-image-preview:large, max-video-preview:-1\" \/>\n<link rel=\"canonical\" href=\"https:\/\/mixed-media-vector-arts.com\/nl\/fotografie-macrofotografie-beeldwerelden\/bloem-botanische-close-ups\/\" \/>\n<meta property=\"og:locale\" content=\"nl_NL\" \/>\n<meta property=\"og:type\" content=\"article\" \/>\n<meta property=\"og:title\" content=\"Blumen - Nahaufnahmen &amp; botanische Welten - Mixed Media Vector Arts\" \/>\n<meta property=\"og:description\" content=\"Blumen - Nahaufnahmen mit feinen, sanften Farb\u00fcberg\u00e4ngen und nat\u00fcrlichen Kompositionen, f\u00fcr Fine\u2011Art\u2011Prints und botanische Wandgestaltung.\" \/>\n<meta property=\"og:url\" content=\"https:\/\/mixed-media-vector-arts.com\/nl\/fotografie-macrofotografie-beeldwerelden\/bloem-botanische-close-ups\/\" \/>\n<meta property=\"og:site_name\" content=\"Mixed Media Vector Arts\" \/>\n<meta property=\"article:modified_time\" content=\"2026-03-15T09:56:26+00:00\" \/>\n<meta property=\"og:image\" content=\"https:\/\/mixed-media-vector-arts.com\/wp-content\/uploads\/2026\/02\/pfingstrose-coral-charme-makro.jpg\" \/>\n<meta name=\"twitter:card\" content=\"summary_large_image\" \/>\n<script type=\"application\/ld+json\" class=\"yoast-schema-graph\">{\"@context\":\"https:\\\/\\\/schema.org\",\"@graph\":[{\"@type\":\"WebPage\",\"@id\":\"https:\\\/\\\/mixed-media-vector-arts.com\\\/fotografie-makroaufnahmen-bildwelten\\\/blumen-botanische-nahaufnahmen\\\/\",\"url\":\"https:\\\/\\\/mixed-media-vector-arts.com\\\/fotografie-makroaufnahmen-bildwelten\\\/blumen-botanische-nahaufnahmen\\\/\",\"name\":\"Blumen - Nahaufnahmen & botanische Welten - Mixed Media Vector Arts\",\"isPartOf\":{\"@id\":\"https:\\\/\\\/mixed-media-vector-arts.com\\\/#website\"},\"primaryImageOfPage\":{\"@id\":\"https:\\\/\\\/mixed-media-vector-arts.com\\\/fotografie-makroaufnahmen-bildwelten\\\/blumen-botanische-nahaufnahmen\\\/#primaryimage\"},\"image\":{\"@id\":\"https:\\\/\\\/mixed-media-vector-arts.com\\\/fotografie-makroaufnahmen-bildwelten\\\/blumen-botanische-nahaufnahmen\\\/#primaryimage\"},\"thumbnailUrl\":\"https:\\\/\\\/mixed-media-vector-arts.com\\\/wp-content\\\/uploads\\\/2026\\\/02\\\/pfingstrose-coral-charme-makro.jpg\",\"datePublished\":\"2026-02-18T21:36:54+00:00\",\"dateModified\":\"2026-03-15T09:56:26+00:00\",\"description\":\"Blumen - Nahaufnahmen mit feinen, sanften Farb\u00fcberg\u00e4ngen und nat\u00fcrlichen Kompositionen, f\u00fcr Fine\u2011Art\u2011Prints und botanische Wandgestaltung.\",\"breadcrumb\":{\"@id\":\"https:\\\/\\\/mixed-media-vector-arts.com\\\/fotografie-makroaufnahmen-bildwelten\\\/blumen-botanische-nahaufnahmen\\\/#breadcrumb\"},\"inLanguage\":\"nl-NL\",\"potentialAction\":[{\"@type\":\"ReadAction\",\"target\":[\"https:\\\/\\\/mixed-media-vector-arts.com\\\/fotografie-makroaufnahmen-bildwelten\\\/blumen-botanische-nahaufnahmen\\\/\"]}]},{\"@type\":\"ImageObject\",\"inLanguage\":\"nl-NL\",\"@id\":\"https:\\\/\\\/mixed-media-vector-arts.com\\\/fotografie-makroaufnahmen-bildwelten\\\/blumen-botanische-nahaufnahmen\\\/#primaryimage\",\"url\":\"https:\\\/\\\/mixed-media-vector-arts.com\\\/wp-content\\\/uploads\\\/2026\\\/02\\\/pfingstrose-coral-charme-makro.jpg\",\"contentUrl\":\"https:\\\/\\\/mixed-media-vector-arts.com\\\/wp-content\\\/uploads\\\/2026\\\/02\\\/pfingstrose-coral-charme-makro.jpg\"},{\"@type\":\"BreadcrumbList\",\"@id\":\"https:\\\/\\\/mixed-media-vector-arts.com\\\/fotografie-makroaufnahmen-bildwelten\\\/blumen-botanische-nahaufnahmen\\\/#breadcrumb\",\"itemListElement\":[{\"@type\":\"ListItem\",\"position\":1,\"name\":\"Start\",\"item\":\"https:\\\/\\\/mixed-media-vector-arts.com\\\/\"},{\"@type\":\"ListItem\",\"position\":2,\"name\":\"Fotografie \u2013 Makroaufnahmen &#038; Bildwelten\",\"item\":\"https:\\\/\\\/mixed-media-vector-arts.com\\\/fotografie-makroaufnahmen-bildwelten\\\/\"},{\"@type\":\"ListItem\",\"position\":3,\"name\":\"Blumen &#8211; Nahaufnahmen &#038; botanische Welten\"}]},{\"@type\":\"WebSite\",\"@id\":\"https:\\\/\\\/mixed-media-vector-arts.com\\\/#website\",\"url\":\"https:\\\/\\\/mixed-media-vector-arts.com\\\/\",\"name\":\"Mixed Media and Vector Arts\",\"description\":\"Fotografie- und Vektorgrafik-Portfolio\",\"publisher\":{\"@id\":\"https:\\\/\\\/mixed-media-vector-arts.com\\\/#\\\/schema\\\/person\\\/0e7cee6692548b0a37b46a6007c68205\"},\"potentialAction\":[{\"@type\":\"SearchAction\",\"target\":{\"@type\":\"EntryPoint\",\"urlTemplate\":\"https:\\\/\\\/mixed-media-vector-arts.com\\\/?s={search_term_string}\"},\"query-input\":{\"@type\":\"PropertyValueSpecification\",\"valueRequired\":true,\"valueName\":\"search_term_string\"}}],\"inLanguage\":\"nl-NL\"},{\"@type\":[\"Person\",\"Organization\"],\"@id\":\"https:\\\/\\\/mixed-media-vector-arts.com\\\/#\\\/schema\\\/person\\\/0e7cee6692548b0a37b46a6007c68205\",\"name\":\"admin\",\"image\":{\"@type\":\"ImageObject\",\"inLanguage\":\"nl-NL\",\"@id\":\"https:\\\/\\\/mixed-media-vector-arts.com\\\/wp-content\\\/uploads\\\/2026\\\/02\\\/favicon-1.png\",\"url\":\"https:\\\/\\\/mixed-media-vector-arts.com\\\/wp-content\\\/uploads\\\/2026\\\/02\\\/favicon-1.png\",\"contentUrl\":\"https:\\\/\\\/mixed-media-vector-arts.com\\\/wp-content\\\/uploads\\\/2026\\\/02\\\/favicon-1.png\",\"width\":512,\"height\":512,\"caption\":\"admin\"},\"logo\":{\"@id\":\"https:\\\/\\\/mixed-media-vector-arts.com\\\/wp-content\\\/uploads\\\/2026\\\/02\\\/favicon-1.png\"},\"sameAs\":[\"https:\\\/\\\/mixed-media-vector-arts.com\"]}]}<\/script>\n<!-- \/ Yoast SEO plugin. -->","yoast_head_json":{"title":"Bloemen - Close-ups &amp; Botanische Werelden - Mixed Media Vector Arts","description":"Bloemen - close-ups met subtiele, vloeiende kleurovergangen en natuurlijke composities, voor kunstprints en botanische wanddecoratie.","robots":{"index":"index","follow":"follow","max-snippet":"max-snippet:-1","max-image-preview":"max-image-preview:large","max-video-preview":"max-video-preview:-1"},"canonical":"https:\/\/mixed-media-vector-arts.com\/nl\/fotografie-macrofotografie-beeldwerelden\/bloem-botanische-close-ups\/","og_locale":"nl_NL","og_type":"article","og_title":"Blumen - Nahaufnahmen & botanische Welten - Mixed Media Vector Arts","og_description":"Blumen - Nahaufnahmen mit feinen, sanften Farb\u00fcberg\u00e4ngen und nat\u00fcrlichen Kompositionen, f\u00fcr Fine\u2011Art\u2011Prints und botanische Wandgestaltung.","og_url":"https:\/\/mixed-media-vector-arts.com\/nl\/fotografie-macrofotografie-beeldwerelden\/bloem-botanische-close-ups\/","og_site_name":"Mixed Media Vector Arts","article_modified_time":"2026-03-15T09:56:26+00:00","og_image":[{"url":"https:\/\/mixed-media-vector-arts.com\/wp-content\/uploads\/2026\/02\/pfingstrose-coral-charme-makro.jpg","type":"","width":"","height":""}],"twitter_card":"summary_large_image","schema":{"@context":"https:\/\/schema.org","@graph":[{"@type":"WebPage","@id":"https:\/\/mixed-media-vector-arts.com\/fotografie-makroaufnahmen-bildwelten\/blumen-botanische-nahaufnahmen\/","url":"https:\/\/mixed-media-vector-arts.com\/fotografie-makroaufnahmen-bildwelten\/blumen-botanische-nahaufnahmen\/","name":"Bloemen - Close-ups &amp; Botanische Werelden - Mixed Media Vector Arts","isPartOf":{"@id":"https:\/\/mixed-media-vector-arts.com\/#website"},"primaryImageOfPage":{"@id":"https:\/\/mixed-media-vector-arts.com\/fotografie-makroaufnahmen-bildwelten\/blumen-botanische-nahaufnahmen\/#primaryimage"},"image":{"@id":"https:\/\/mixed-media-vector-arts.com\/fotografie-makroaufnahmen-bildwelten\/blumen-botanische-nahaufnahmen\/#primaryimage"},"thumbnailUrl":"https:\/\/mixed-media-vector-arts.com\/wp-content\/uploads\/2026\/02\/pfingstrose-coral-charme-makro.jpg","datePublished":"2026-02-18T21:36:54+00:00","dateModified":"2026-03-15T09:56:26+00:00","description":"Bloemen - close-ups met subtiele, vloeiende kleurovergangen en natuurlijke composities, voor kunstprints en botanische wanddecoratie.","breadcrumb":{"@id":"https:\/\/mixed-media-vector-arts.com\/fotografie-makroaufnahmen-bildwelten\/blumen-botanische-nahaufnahmen\/#breadcrumb"},"inLanguage":"nl-NL","potentialAction":[{"@type":"ReadAction","target":["https:\/\/mixed-media-vector-arts.com\/fotografie-makroaufnahmen-bildwelten\/blumen-botanische-nahaufnahmen\/"]}]},{"@type":"ImageObject","inLanguage":"nl-NL","@id":"https:\/\/mixed-media-vector-arts.com\/fotografie-makroaufnahmen-bildwelten\/blumen-botanische-nahaufnahmen\/#primaryimage","url":"https:\/\/mixed-media-vector-arts.com\/wp-content\/uploads\/2026\/02\/pfingstrose-coral-charme-makro.jpg","contentUrl":"https:\/\/mixed-media-vector-arts.com\/wp-content\/uploads\/2026\/02\/pfingstrose-coral-charme-makro.jpg"},{"@type":"BreadcrumbList","@id":"https:\/\/mixed-media-vector-arts.com\/fotografie-makroaufnahmen-bildwelten\/blumen-botanische-nahaufnahmen\/#breadcrumb","itemListElement":[{"@type":"ListItem","position":1,"name":"Start","item":"https:\/\/mixed-media-vector-arts.com\/"},{"@type":"ListItem","position":2,"name":"Fotografie \u2013 Makroaufnahmen &#038; Bildwelten","item":"https:\/\/mixed-media-vector-arts.com\/fotografie-makroaufnahmen-bildwelten\/"},{"@type":"ListItem","position":3,"name":"Blumen &#8211; Nahaufnahmen &#038; botanische Welten"}]},{"@type":"WebSite","@id":"https:\/\/mixed-media-vector-arts.com\/#website","url":"https:\/\/mixed-media-vector-arts.com\/","name":"Mixed Media and Vector Arts","description":"Portfolio voor fotografie en vectorafbeeldingen","publisher":{"@id":"https:\/\/mixed-media-vector-arts.com\/#\/schema\/person\/0e7cee6692548b0a37b46a6007c68205"},"potentialAction":[{"@type":"SearchAction","target":{"@type":"EntryPoint","urlTemplate":"https:\/\/mixed-media-vector-arts.com\/?s={search_term_string}"},"query-input":{"@type":"PropertyValueSpecification","valueRequired":true,"valueName":"search_term_string"}}],"inLanguage":"nl-NL"},{"@type":["Person","Organization"],"@id":"https:\/\/mixed-media-vector-arts.com\/#\/schema\/person\/0e7cee6692548b0a37b46a6007c68205","name":"admin","image":{"@type":"ImageObject","inLanguage":"nl-NL","@id":"https:\/\/mixed-media-vector-arts.com\/wp-content\/uploads\/2026\/02\/favicon-1.png","url":"https:\/\/mixed-media-vector-arts.com\/wp-content\/uploads\/2026\/02\/favicon-1.png","contentUrl":"https:\/\/mixed-media-vector-arts.com\/wp-content\/uploads\/2026\/02\/favicon-1.png","width":512,"height":512,"caption":"admin"},"logo":{"@id":"https:\/\/mixed-media-vector-arts.com\/wp-content\/uploads\/2026\/02\/favicon-1.png"},"sameAs":["https:\/\/mixed-media-vector-arts.com"]}]}},"_links":{"self":[{"href":"https:\/\/mixed-media-vector-arts.com\/nl\/wp-json\/wp\/v2\/pages\/195","targetHints":{"allow":["GET"]}}],"collection":[{"href":"https:\/\/mixed-media-vector-arts.com\/nl\/wp-json\/wp\/v2\/pages"}],"about":[{"href":"https:\/\/mixed-media-vector-arts.com\/nl\/wp-json\/wp\/v2\/types\/page"}],"author":[{"embeddable":true,"href":"https:\/\/mixed-media-vector-arts.com\/nl\/wp-json\/wp\/v2\/users\/1"}],"replies":[{"embeddable":true,"href":"https:\/\/mixed-media-vector-arts.com\/nl\/wp-json\/wp\/v2\/comments?post=195"}],"version-history":[{"count":41,"href":"https:\/\/mixed-media-vector-arts.com\/nl\/wp-json\/wp\/v2\/pages\/195\/revisions"}],"predecessor-version":[{"id":1425,"href":"https:\/\/mixed-media-vector-arts.com\/nl\/wp-json\/wp\/v2\/pages\/195\/revisions\/1425"}],"up":[{"embeddable":true,"href":"https:\/\/mixed-media-vector-arts.com\/nl\/wp-json\/wp\/v2\/pages\/50"}],"wp:attachment":[{"href":"https:\/\/mixed-media-vector-arts.com\/nl\/wp-json\/wp\/v2\/media?parent=195"}],"curies":[{"name":"wp","href":"https:\/\/api.w.org\/{rel}","templated":true}]}}