{"id":389,"date":"2026-02-22T14:21:41","date_gmt":"2026-02-22T14:21:41","guid":{"rendered":"https:\/\/mixed-media-vector-arts.com\/?page_id=389"},"modified":"2026-03-11T18:02:36","modified_gmt":"2026-03-11T18:02:36","slug":"stads-poster-fotografie","status":"publish","type":"page","link":"https:\/\/mixed-media-vector-arts.com\/nl\/fotografie-makroaufnahmen-bildwelten\/staedte-poster-fotografie\/","title":{"rendered":"Steden \u2013 Posters en muurschilderingen"},"content":{"rendered":"","protected":false},"excerpt":{"rendered":"","protected":false},"author":1,"featured_media":0,"parent":50,"menu_order":7,"comment_status":"closed","ping_status":"closed","template":"","meta":{"saved_in_kubio":true,"footnotes":""},"class_list":["post-389","page","type-page","status-publish","hentry"],"kubio_ai_page_context":{"short_desc":"","purpose":"general"},"yoast_head":"<!-- This site is optimized with the Yoast SEO plugin v27.3 - https:\/\/yoast.com\/product\/yoast-seo-wordpress\/ -->\n<title>St\u00e4dte - Poster und Wandbilder - Mixed Media Vector Arts<\/title>\n<meta name=\"description\" content=\"&quot;St\u00e4dte&quot; zeigt urbane Motive, reichen von moderner Skyline bis historischer Altstadt und sind als hochwertige St\u00e4dte-Poster erh\u00e4ltlich.\" \/>\n<meta name=\"robots\" content=\"index, follow, max-snippet:-1, max-image-preview:large, max-video-preview:-1\" \/>\n<link rel=\"canonical\" href=\"https:\/\/mixed-media-vector-arts.com\/nl\/fotografie-macrofotografie-beeldwerelden\/stads-poster-fotografie\/\" \/>\n<meta property=\"og:locale\" content=\"nl_NL\" \/>\n<meta property=\"og:type\" content=\"article\" \/>\n<meta property=\"og:title\" content=\"St\u00e4dte - Poster und Wandbilder - Mixed Media Vector Arts\" \/>\n<meta property=\"og:description\" content=\"&quot;St\u00e4dte&quot; zeigt urbane Motive, reichen von moderner Skyline bis historischer Altstadt und sind als hochwertige St\u00e4dte-Poster erh\u00e4ltlich.\" \/>\n<meta property=\"og:url\" content=\"https:\/\/mixed-media-vector-arts.com\/nl\/fotografie-macrofotografie-beeldwerelden\/stads-poster-fotografie\/\" \/>\n<meta property=\"og:site_name\" content=\"Mixed Media Vector Arts\" \/>\n<meta property=\"article:modified_time\" content=\"2026-03-11T18:02:36+00:00\" \/>\n<meta name=\"twitter:card\" content=\"summary_large_image\" \/>\n<script type=\"application\/ld+json\" class=\"yoast-schema-graph\">{\"@context\":\"https:\\\/\\\/schema.org\",\"@graph\":[{\"@type\":\"WebPage\",\"@id\":\"https:\\\/\\\/mixed-media-vector-arts.com\\\/fotografie-makroaufnahmen-bildwelten\\\/staedte-poster-fotografie\\\/\",\"url\":\"https:\\\/\\\/mixed-media-vector-arts.com\\\/fotografie-makroaufnahmen-bildwelten\\\/staedte-poster-fotografie\\\/\",\"name\":\"St\u00e4dte - Poster und Wandbilder - Mixed Media Vector Arts\",\"isPartOf\":{\"@id\":\"https:\\\/\\\/mixed-media-vector-arts.com\\\/#website\"},\"datePublished\":\"2026-02-22T14:21:41+00:00\",\"dateModified\":\"2026-03-11T18:02:36+00:00\",\"description\":\"\\\"St\u00e4dte\\\" zeigt urbane Motive, reichen von moderner Skyline bis historischer Altstadt und sind als hochwertige St\u00e4dte-Poster erh\u00e4ltlich.\",\"breadcrumb\":{\"@id\":\"https:\\\/\\\/mixed-media-vector-arts.com\\\/fotografie-makroaufnahmen-bildwelten\\\/staedte-poster-fotografie\\\/#breadcrumb\"},\"inLanguage\":\"nl-NL\",\"potentialAction\":[{\"@type\":\"ReadAction\",\"target\":[\"https:\\\/\\\/mixed-media-vector-arts.com\\\/fotografie-makroaufnahmen-bildwelten\\\/staedte-poster-fotografie\\\/\"]}]},{\"@type\":\"BreadcrumbList\",\"@id\":\"https:\\\/\\\/mixed-media-vector-arts.com\\\/fotografie-makroaufnahmen-bildwelten\\\/staedte-poster-fotografie\\\/#breadcrumb\",\"itemListElement\":[{\"@type\":\"ListItem\",\"position\":1,\"name\":\"Start\",\"item\":\"https:\\\/\\\/mixed-media-vector-arts.com\\\/\"},{\"@type\":\"ListItem\",\"position\":2,\"name\":\"Fotografie \u2013 Makroaufnahmen &#038; Bildwelten\",\"item\":\"https:\\\/\\\/mixed-media-vector-arts.com\\\/fotografie-makroaufnahmen-bildwelten\\\/\"},{\"@type\":\"ListItem\",\"position\":3,\"name\":\"St\u00e4dte &#8211; Poster und Wandbilder\"}]},{\"@type\":\"WebSite\",\"@id\":\"https:\\\/\\\/mixed-media-vector-arts.com\\\/#website\",\"url\":\"https:\\\/\\\/mixed-media-vector-arts.com\\\/\",\"name\":\"Mixed Media and Vector Arts\",\"description\":\"Fotografie- und Vektorgrafik-Portfolio\",\"publisher\":{\"@id\":\"https:\\\/\\\/mixed-media-vector-arts.com\\\/#\\\/schema\\\/person\\\/0e7cee6692548b0a37b46a6007c68205\"},\"potentialAction\":[{\"@type\":\"SearchAction\",\"target\":{\"@type\":\"EntryPoint\",\"urlTemplate\":\"https:\\\/\\\/mixed-media-vector-arts.com\\\/?s={search_term_string}\"},\"query-input\":{\"@type\":\"PropertyValueSpecification\",\"valueRequired\":true,\"valueName\":\"search_term_string\"}}],\"inLanguage\":\"nl-NL\"},{\"@type\":[\"Person\",\"Organization\"],\"@id\":\"https:\\\/\\\/mixed-media-vector-arts.com\\\/#\\\/schema\\\/person\\\/0e7cee6692548b0a37b46a6007c68205\",\"name\":\"admin\",\"image\":{\"@type\":\"ImageObject\",\"inLanguage\":\"nl-NL\",\"@id\":\"https:\\\/\\\/mixed-media-vector-arts.com\\\/wp-content\\\/uploads\\\/2026\\\/02\\\/favicon-1.png\",\"url\":\"https:\\\/\\\/mixed-media-vector-arts.com\\\/wp-content\\\/uploads\\\/2026\\\/02\\\/favicon-1.png\",\"contentUrl\":\"https:\\\/\\\/mixed-media-vector-arts.com\\\/wp-content\\\/uploads\\\/2026\\\/02\\\/favicon-1.png\",\"width\":512,\"height\":512,\"caption\":\"admin\"},\"logo\":{\"@id\":\"https:\\\/\\\/mixed-media-vector-arts.com\\\/wp-content\\\/uploads\\\/2026\\\/02\\\/favicon-1.png\"},\"sameAs\":[\"https:\\\/\\\/mixed-media-vector-arts.com\"]}]}<\/script>\n<!-- \/ Yoast SEO plugin. -->","yoast_head_json":{"title":"Steden - Posters en muurschilderingen - Mixed Media Vector Arts","description":"\"Cities\" toont stedelijke motieven, vari\u00ebrend van moderne skylines tot historische oude stadscentra, en is verkrijgbaar als hoogwaardige stadsposters.","robots":{"index":"index","follow":"follow","max-snippet":"max-snippet:-1","max-image-preview":"max-image-preview:large","max-video-preview":"max-video-preview:-1"},"canonical":"https:\/\/mixed-media-vector-arts.com\/nl\/fotografie-macrofotografie-beeldwerelden\/stads-poster-fotografie\/","og_locale":"nl_NL","og_type":"article","og_title":"St\u00e4dte - Poster und Wandbilder - Mixed Media Vector Arts","og_description":"\"St\u00e4dte\" zeigt urbane Motive, reichen von moderner Skyline bis historischer Altstadt und sind als hochwertige St\u00e4dte-Poster erh\u00e4ltlich.","og_url":"https:\/\/mixed-media-vector-arts.com\/nl\/fotografie-macrofotografie-beeldwerelden\/stads-poster-fotografie\/","og_site_name":"Mixed Media Vector Arts","article_modified_time":"2026-03-11T18:02:36+00:00","twitter_card":"summary_large_image","schema":{"@context":"https:\/\/schema.org","@graph":[{"@type":"WebPage","@id":"https:\/\/mixed-media-vector-arts.com\/fotografie-makroaufnahmen-bildwelten\/staedte-poster-fotografie\/","url":"https:\/\/mixed-media-vector-arts.com\/fotografie-makroaufnahmen-bildwelten\/staedte-poster-fotografie\/","name":"Steden - Posters en muurschilderingen - Mixed Media Vector Arts","isPartOf":{"@id":"https:\/\/mixed-media-vector-arts.com\/#website"},"datePublished":"2026-02-22T14:21:41+00:00","dateModified":"2026-03-11T18:02:36+00:00","description":"\"Cities\" toont stedelijke motieven, vari\u00ebrend van moderne skylines tot historische oude stadscentra, en is verkrijgbaar als hoogwaardige stadsposters.","breadcrumb":{"@id":"https:\/\/mixed-media-vector-arts.com\/fotografie-makroaufnahmen-bildwelten\/staedte-poster-fotografie\/#breadcrumb"},"inLanguage":"nl-NL","potentialAction":[{"@type":"ReadAction","target":["https:\/\/mixed-media-vector-arts.com\/fotografie-makroaufnahmen-bildwelten\/staedte-poster-fotografie\/"]}]},{"@type":"BreadcrumbList","@id":"https:\/\/mixed-media-vector-arts.com\/fotografie-makroaufnahmen-bildwelten\/staedte-poster-fotografie\/#breadcrumb","itemListElement":[{"@type":"ListItem","position":1,"name":"Start","item":"https:\/\/mixed-media-vector-arts.com\/"},{"@type":"ListItem","position":2,"name":"Fotografie \u2013 Makroaufnahmen &#038; Bildwelten","item":"https:\/\/mixed-media-vector-arts.com\/fotografie-makroaufnahmen-bildwelten\/"},{"@type":"ListItem","position":3,"name":"St\u00e4dte &#8211; Poster und Wandbilder"}]},{"@type":"WebSite","@id":"https:\/\/mixed-media-vector-arts.com\/#website","url":"https:\/\/mixed-media-vector-arts.com\/","name":"Mixed Media and Vector Arts","description":"Portfolio voor fotografie en vectorafbeeldingen","publisher":{"@id":"https:\/\/mixed-media-vector-arts.com\/#\/schema\/person\/0e7cee6692548b0a37b46a6007c68205"},"potentialAction":[{"@type":"SearchAction","target":{"@type":"EntryPoint","urlTemplate":"https:\/\/mixed-media-vector-arts.com\/?s={search_term_string}"},"query-input":{"@type":"PropertyValueSpecification","valueRequired":true,"valueName":"search_term_string"}}],"inLanguage":"nl-NL"},{"@type":["Person","Organization"],"@id":"https:\/\/mixed-media-vector-arts.com\/#\/schema\/person\/0e7cee6692548b0a37b46a6007c68205","name":"admin","image":{"@type":"ImageObject","inLanguage":"nl-NL","@id":"https:\/\/mixed-media-vector-arts.com\/wp-content\/uploads\/2026\/02\/favicon-1.png","url":"https:\/\/mixed-media-vector-arts.com\/wp-content\/uploads\/2026\/02\/favicon-1.png","contentUrl":"https:\/\/mixed-media-vector-arts.com\/wp-content\/uploads\/2026\/02\/favicon-1.png","width":512,"height":512,"caption":"admin"},"logo":{"@id":"https:\/\/mixed-media-vector-arts.com\/wp-content\/uploads\/2026\/02\/favicon-1.png"},"sameAs":["https:\/\/mixed-media-vector-arts.com"]}]}},"_links":{"self":[{"href":"https:\/\/mixed-media-vector-arts.com\/nl\/wp-json\/wp\/v2\/pages\/389","targetHints":{"allow":["GET"]}}],"collection":[{"href":"https:\/\/mixed-media-vector-arts.com\/nl\/wp-json\/wp\/v2\/pages"}],"about":[{"href":"https:\/\/mixed-media-vector-arts.com\/nl\/wp-json\/wp\/v2\/types\/page"}],"author":[{"embeddable":true,"href":"https:\/\/mixed-media-vector-arts.com\/nl\/wp-json\/wp\/v2\/users\/1"}],"replies":[{"embeddable":true,"href":"https:\/\/mixed-media-vector-arts.com\/nl\/wp-json\/wp\/v2\/comments?post=389"}],"version-history":[{"count":26,"href":"https:\/\/mixed-media-vector-arts.com\/nl\/wp-json\/wp\/v2\/pages\/389\/revisions"}],"predecessor-version":[{"id":1187,"href":"https:\/\/mixed-media-vector-arts.com\/nl\/wp-json\/wp\/v2\/pages\/389\/revisions\/1187"}],"up":[{"embeddable":true,"href":"https:\/\/mixed-media-vector-arts.com\/nl\/wp-json\/wp\/v2\/pages\/50"}],"wp:attachment":[{"href":"https:\/\/mixed-media-vector-arts.com\/nl\/wp-json\/wp\/v2\/media?parent=389"}],"curies":[{"name":"wp","href":"https:\/\/api.w.org\/{rel}","templated":true}]}}